{"id":1737,"date":"2015-07-23T09:48:52","date_gmt":"2015-07-23T07:48:52","guid":{"rendered":"http:\/\/www.nord-domotique.com\/WP\/?page_id=1737"},"modified":"2016-12-19T23:29:47","modified_gmt":"2016-12-19T22:29:47","slug":"nos-services","status":"publish","type":"page","link":"https:\/\/www.nord-domotique.com\/WP\/nos-services\/","title":{"rendered":"Nos Services"},"content":{"rendered":"<p>[et_pb_section fullwidth=\u00a0\u00bboff\u00a0\u00bb transparent_background=\u00a0\u00bboff\u00a0\u00bb inner_shadow=\u00a0\u00bboff\u00a0\u00bb parallax=\u00a0\u00bboff\u00a0\u00bb parallax_method=\u00a0\u00bboff\u00a0\u00bb][et_pb_row][et_pb_column type=\u00a0\u00bb1_2&Prime;][et_pb_toggle admin_label=\u00a0\u00bbProfessionnels\u00a0\u00bb title=\u00a0\u00bbPour les Professionnels\u00a0\u00bb open=\u00a0\u00bboff\u00a0\u00bb]<\/p>\n<p><span style=\"color: #000000;\">Vous \u00eates un professionnel du b\u00e2timent, vous souhaiter int\u00e9grer de la domotique dans vos projets.<\/span><\/p>\n<p><span style=\"color: #000000;\">Nous serons ravis de vous aider, pour r\u00e9pondre \u00e0 vos questions afin de satisfaire vos clients.<\/span><\/p>\n<p><span style=\"color: #000000;\"><div data-test='contact-form' id='contact-form-1737' class='wp-block-jetpack-contact-form-container '>\n<form action='https:\/\/www.nord-domotique.com\/WP\/nos-services\/#contact-form-1737' method='post' class='contact-form commentsblock' aria-label=\"Nos Services\" novalidate>\n\n<div style=\"\" class='grunion-field-name-wrap grunion-field-wrap'  >\n<label\n\t\t\t\tfor='g1737-nom'\n\t\t\t\tclass='grunion-field-label name'>Nom<span class=\"grunion-label-required\" aria-hidden=\"true\">(obligatoire)<\/span><\/label>\n<input\n\t\t\t\t\ttype='text'\n\t\t\t\t\tname='g1737-nom'\n\t\t\t\t\tid='g1737-nom'\n\t\t\t\t\tvalue=''\n\t\t\t\t\tclass='name  grunion-field' \n\t\t\t\t\trequired aria-required='true' \/>\n\t<\/div>\n\n<div style=\"\" class='grunion-field-email-wrap grunion-field-wrap'  >\n<label\n\t\t\t\tfor='g1737-email'\n\t\t\t\tclass='grunion-field-label email'>Email<span class=\"grunion-label-required\" aria-hidden=\"true\">(obligatoire)<\/span><\/label>\n<input\n\t\t\t\t\ttype='email'\n\t\t\t\t\tname='g1737-email'\n\t\t\t\t\tid='g1737-email'\n\t\t\t\t\tvalue=''\n\t\t\t\t\tclass='email  grunion-field' \n\t\t\t\t\trequired aria-required='true' \/>\n\t<\/div>\n\n<div style=\"\" class='grunion-field-textarea-wrap grunion-field-wrap'  >\n<label\n\t\t\t\tfor='contact-form-comment-g1737-commentaire'\n\t\t\t\tclass='grunion-field-label textarea'>Commentaire<span class=\"grunion-label-required\" aria-hidden=\"true\">(obligatoire)<\/span><\/label>\n<textarea\n\t\t                style=''\n\t\t                name='g1737-commentaire'\n\t\t                id='contact-form-comment-g1737-commentaire'\n\t\t                rows='20' class='textarea  grunion-field'  required aria-required='true'><\/textarea>\n\t<\/div>\n\t<p class='contact-submit'>\n\t\t<button type='submit' class='pushbutton-wide'>Envoyer<\/button>\t\t<input type='hidden' name='contact-form-id' value='1737' \/>\n\t\t<input type='hidden' name='action' value='grunion-contact-form' \/>\n\t\t<input type='hidden' name='contact-form-hash' value='750dd800b46e2b56fcb9b18a102bb58c3a5c7074' \/>\n\t<\/p>\n<p style=\"display: none !important;\" class=\"akismet-fields-container\" data-prefix=\"ak_\"><label>&#916;<textarea name=\"ak_hp_textarea\" cols=\"45\" rows=\"8\" maxlength=\"100\"><\/textarea><\/label><input type=\"hidden\" id=\"ak_js_1\" name=\"ak_js\" value=\"21\"\/><script>document.getElementById( \"ak_js_1\" ).setAttribute( \"value\", ( new Date() ).getTime() );<\/script><\/p><\/form>\n<\/div><\/span><\/p>\n<p>[\/et_pb_toggle][\/et_pb_column][et_pb_column type=\u00a0\u00bb1_2&Prime;][et_pb_toggle admin_label=\u00a0\u00bbParticuliers\u00a0\u00bb title=\u00a0\u00bbPour les Particuliers\u00a0\u00bb open=\u00a0\u00bboff\u00a0\u00bb]<\/p>\n<p><span style=\"color: #000000;\">Vous \u00eates un particulier, vous r\u00e9novez votre maison ? vous faites construire ? ou tout simplement vous souhaiter int\u00e9grer de la domotique pour votre confort de tous les jours ?<\/span><\/p>\n<p><span style=\"color: #000000;\">Nous vous proposons d&rsquo;\u00e9tudier votre projet, nous vous conseillerons sur le choix des produits et sur les technologies.<\/span><br \/>\n<span style=\"color: #000000;\"> Nord-Domotique vous propose son expertise et ses conseils tout le long de votre projet, une fois votre projet r\u00e9alis\u00e9 nous assurons un \u00e9change par Mails \/ T\u00e9l\u00e9phone afin de vous guider sur votre solution de domotique.<\/span><\/p>\n<p><span style=\"color: #000000;\"><div data-test='contact-form' id='contact-form-1737' class='wp-block-jetpack-contact-form-container '>\n<form action='https:\/\/www.nord-domotique.com\/WP\/nos-services\/#contact-form-1737' method='post' class='contact-form commentsblock' aria-label=\"Nos Services\" novalidate>\n\n<div style=\"\" class='grunion-field-name-wrap grunion-field-wrap'  >\n<label\n\t\t\t\tfor='g1737-nom'\n\t\t\t\tclass='grunion-field-label name'>Nom<span class=\"grunion-label-required\" aria-hidden=\"true\">(obligatoire)<\/span><\/label>\n<input\n\t\t\t\t\ttype='text'\n\t\t\t\t\tname='g1737-nom'\n\t\t\t\t\tid='g1737-nom'\n\t\t\t\t\tvalue=''\n\t\t\t\t\tclass='name  grunion-field' \n\t\t\t\t\trequired aria-required='true' \/>\n\t<\/div>\n\n<div style=\"\" class='grunion-field-email-wrap grunion-field-wrap'  >\n<label\n\t\t\t\tfor='g1737-email'\n\t\t\t\tclass='grunion-field-label email'>Email<span class=\"grunion-label-required\" aria-hidden=\"true\">(obligatoire)<\/span><\/label>\n<input\n\t\t\t\t\ttype='email'\n\t\t\t\t\tname='g1737-email'\n\t\t\t\t\tid='g1737-email'\n\t\t\t\t\tvalue=''\n\t\t\t\t\tclass='email  grunion-field' \n\t\t\t\t\trequired aria-required='true' \/>\n\t<\/div>\n\n<div style=\"\" class='grunion-field-textarea-wrap grunion-field-wrap'  >\n<label\n\t\t\t\tfor='contact-form-comment-g1737-commentaire'\n\t\t\t\tclass='grunion-field-label textarea'>Commentaire<span class=\"grunion-label-required\" aria-hidden=\"true\">(obligatoire)<\/span><\/label>\n<textarea\n\t\t                style=''\n\t\t                name='g1737-commentaire'\n\t\t                id='contact-form-comment-g1737-commentaire'\n\t\t                rows='20' class='textarea  grunion-field'  required aria-required='true'><\/textarea>\n\t<\/div>\n\t<p class='contact-submit'>\n\t\t<button type='submit' class='pushbutton-wide'>Envoyer<\/button>\t\t<input type='hidden' name='contact-form-id' value='1737' \/>\n\t\t<input type='hidden' name='action' value='grunion-contact-form' \/>\n\t\t<input type='hidden' name='contact-form-hash' value='750dd800b46e2b56fcb9b18a102bb58c3a5c7074' \/>\n\t<\/p>\n<p style=\"display: none !important;\" class=\"akismet-fields-container\" data-prefix=\"ak_\"><label>&#916;<textarea name=\"ak_hp_textarea\" cols=\"45\" rows=\"8\" maxlength=\"100\"><\/textarea><\/label><input type=\"hidden\" id=\"ak_js_2\" name=\"ak_js\" value=\"229\"\/><script>document.getElementById( \"ak_js_2\" ).setAttribute( \"value\", ( new Date() ).getTime() );<\/script><\/p><\/form>\n<\/div><\/span><\/p>\n<p>[\/et_pb_toggle][\/et_pb_column][\/et_pb_row][\/et_pb_section][et_pb_section fullwidth=\u00a0\u00bboff\u00a0\u00bb transparent_background=\u00a0\u00bboff\u00a0\u00bb background_color=\u00a0\u00bb#96c6ea\u00a0\u00bb inner_shadow=\u00a0\u00bboff\u00a0\u00bb parallax=\u00a0\u00bboff\u00a0\u00bb parallax_method=\u00a0\u00bboff\u00a0\u00bb][et_pb_row][et_pb_column type=\u00a0\u00bb4_4&Prime;][et_pb_text admin_label=\u00a0\u00bbText\u00a0\u00bb background_layout=\u00a0\u00bblight\u00a0\u00bb text_orientation=\u00a0\u00bbright\u00a0\u00bb]<\/p>\n<h2 style=\"text-align: center;\"><span style=\"color: #000000;\">Votre Projet\u00a0<\/span><\/h2>\n<p>&nbsp;<\/p>\n<p style=\"text-align: center;\"><span style=\"color: #000000;\">La domotique vous apporte un confort ind\u00e9niable, vous g\u00e9rez votre maison avec votre smartphone.<\/span><\/p>\n<p style=\"text-align: center;\"><span style=\"color: #000000;\">La domotique s&rsquo;installe partout ! Vous n\u2019\u00eates pas obliger de faire construire une maison neuve pour y installer de la domotique, cela ne demande g\u00e9n\u00e9ralement pas de travaux suppl\u00e9mentaires.<\/span><\/p>\n<p style=\"text-align: center;\"><span style=\"color: #000000;\">Que ce soit vos chauffages \u00e9lectriques, chauffage centrale, volets roulants, po\u00eale \u00e0 pellet, alarme, consommation \u00e9lectrique, vid\u00e9o surveillance, alarme, arrosage centralis\u00e9, et lumi\u00e8re\u00a0la domotique s&rsquo;adaptent \u00e0 tout cela.<\/span><\/p>\n<p style=\"text-align: center;\"><span style=\"color: #000000;\">\u00a0<\/span><\/p>\n<p>\u00a0[\/et_pb_text][\/et_pb_column][\/et_pb_row][\/et_pb_section][et_pb_section fullwidth=\u00a0\u00bboff\u00a0\u00bb transparent_background=\u00a0\u00bboff\u00a0\u00bb inner_shadow=\u00a0\u00bboff\u00a0\u00bb parallax=\u00a0\u00bboff\u00a0\u00bb parallax_method=\u00a0\u00bboff\u00a0\u00bb][et_pb_row][et_pb_column type=\u00a0\u00bb4_4&Prime;][et_pb_text admin_label=\u00a0\u00bbText\u00a0\u00bb background_layout=\u00a0\u00bblight\u00a0\u00bb text_orientation=\u00a0\u00bbleft\u00a0\u00bb]<\/p>\n<h2 style=\"text-align: center;\"><span style=\"color: #000000;\">Nos Solutions<\/span><\/h2>\n<p>&nbsp;<\/p>\n<p style=\"text-align: center;\"><span style=\"color: #000000;\">Nous vous proposons de vous accompagner dans vos projets de domotique mais aussi de vous aider \u00e0 la configurer si vous rencontrez des soucis.<\/span><\/p>\n<p style=\"text-align: center;\"><span style=\"color: #000000;\">La domotique se doit d\u2019\u00eatre facile, conviviale, et utilisable de toute la famille !<\/span><\/p>\n<p style=\"text-align: center;\"><span style=\"color: #000000;\">Nos devis sont adapt\u00e9s \u00e0 vos besoins et lors de l&rsquo;avant projet, nous mettons votre budget au coeur de notre solution propos\u00e9e.<br \/>\nNous pouvons intervenir en assistance \u00e0 la ma\u00eetrise d&rsquo;ouvrage (AMOA) \u00e9galement sur vos diff\u00e9rents projets<\/span><\/p>\n<p>[\/et_pb_text][\/et_pb_column][\/et_pb_row][\/et_pb_section][et_pb_section fullwidth=\u00a0\u00bboff\u00a0\u00bb background_color=\u00a0\u00bb#96c6ea\u00a0\u00bb inner_shadow=\u00a0\u00bboff\u00a0\u00bb parallax=\u00a0\u00bboff\u00a0\u00bb transparent_background=\u00a0\u00bboff\u00a0\u00bb parallax_method=\u00a0\u00bboff\u00a0\u00bb][et_pb_row][et_pb_column type=\u00a0\u00bb4_4&Prime;][et_pb_text admin_label=\u00a0\u00bbText\u00a0\u00bb background_layout=\u00a0\u00bbdark\u00a0\u00bb text_orientation=\u00a0\u00bbcenter\u00a0\u00bb]<\/p>\n<h2>Des solutions pr\u00eates \u00e0 poser.<\/h2>\n<p>Vous avez votre id\u00e9e, mais vous ne voulez pas configurer une solution de domotique.<\/p>\n<p>Nous vous proposons des solutions pr\u00eates \u00e0 poser, la box arrive chez vous avec vos id\u00e9es dedans ! il ne vous reste plus qu&rsquo;a installer vos modules de domotique avec une notice que nous vous fournissons.<\/p>\n<p>[\/et_pb_text][\/et_pb_column][\/et_pb_row][\/et_pb_section]<\/p>\n","protected":false},"excerpt":{"rendered":"<p>[et_pb_section fullwidth=\u00a0\u00bboff\u00a0\u00bb transparent_background=\u00a0\u00bboff\u00a0\u00bb inner_shadow=\u00a0\u00bboff\u00a0\u00bb parallax=\u00a0\u00bboff\u00a0\u00bb parallax_method=\u00a0\u00bboff\u00a0\u00bb][et_pb_row][et_pb_column type=\u00a0\u00bb1_2&Prime;][et_pb_toggle admin_label=\u00a0\u00bbProfessionnels\u00a0\u00bb title=\u00a0\u00bbPour les Professionnels\u00a0\u00bb open=\u00a0\u00bboff\u00a0\u00bb] Vous \u00eates un professionnel du b\u00e2timent, vous souhaiter int\u00e9grer de la domotique dans vos projets. Nous serons ravis de vous aider, pour r\u00e9pondre \u00e0 vos questions afin de satisfaire vos clients. [\/et_pb_toggle][\/et_pb_column][et_pb_column type=\u00a0\u00bb1_2&Prime;][et_pb_toggle admin_label=\u00a0\u00bbParticuliers\u00a0\u00bb title=\u00a0\u00bbPour les Particuliers\u00a0\u00bb open=\u00a0\u00bboff\u00a0\u00bb] Vous \u00eates un particulier, vous [&hellip;]<\/p>\n","protected":false},"author":1,"featured_media":0,"parent":0,"menu_order":0,"comment_status":"open","ping_status":"open","template":"","meta":{"_et_pb_use_builder":"on","_et_pb_old_content":"","_et_gb_content_width":"","jetpack_post_was_ever_published":false,"footnotes":""},"class_list":["post-1737","page","type-page","status-publish","hentry"],"yoast_head":"<!-- This site is optimized with the Yoast SEO plugin v22.2 - https:\/\/yoast.com\/wordpress\/plugins\/seo\/ -->\n<title>Nos Services - Nord-Domotique<\/title>\n<meta name=\"description\" content=\"Nous vous proposons de vous accompagner dans vos projets de domotique mais aussi de vous aider \u00e0 la configurer si vous rencontrez des soucis.\" \/>\n<meta name=\"robots\" content=\"index, follow, max-snippet:-1, max-image-preview:large, max-video-preview:-1\" \/>\n<link rel=\"canonical\" href=\"https:\/\/www.nord-domotique.com\/WP\/nos-services\/\" \/>\n<meta property=\"og:locale\" content=\"fr_FR\" \/>\n<meta property=\"og:type\" content=\"article\" \/>\n<meta property=\"og:title\" content=\"Nos Services - Nord-Domotique\" \/>\n<meta property=\"og:description\" content=\"Nous vous proposons de vous accompagner dans vos projets de domotique mais aussi de vous aider \u00e0 la configurer si vous rencontrez des soucis.\" \/>\n<meta property=\"og:url\" content=\"https:\/\/www.nord-domotique.com\/WP\/nos-services\/\" \/>\n<meta property=\"og:site_name\" content=\"Nord-Domotique\" \/>\n<meta property=\"article:modified_time\" content=\"2016-12-19T22:29:47+00:00\" \/>\n<meta name=\"twitter:label1\" content=\"Dur\u00e9e de lecture estim\u00e9e\" \/>\n\t<meta name=\"twitter:data1\" content=\"3 minutes\" \/>\n<script type=\"application\/ld+json\" class=\"yoast-schema-graph\">{\"@context\":\"https:\/\/schema.org\",\"@graph\":[{\"@type\":\"WebPage\",\"@id\":\"https:\/\/www.nord-domotique.com\/WP\/nos-services\/\",\"url\":\"https:\/\/www.nord-domotique.com\/WP\/nos-services\/\",\"name\":\"Nos Services - Nord-Domotique\",\"isPartOf\":{\"@id\":\"https:\/\/www.nord-domotique.com\/WP\/#website\"},\"datePublished\":\"2015-07-23T07:48:52+00:00\",\"dateModified\":\"2016-12-19T22:29:47+00:00\",\"description\":\"Nous vous proposons de vous accompagner dans vos projets de domotique mais aussi de vous aider \u00e0 la configurer si vous rencontrez des soucis.\",\"breadcrumb\":{\"@id\":\"https:\/\/www.nord-domotique.com\/WP\/nos-services\/#breadcrumb\"},\"inLanguage\":\"fr-FR\",\"potentialAction\":[{\"@type\":\"ReadAction\",\"target\":[\"https:\/\/www.nord-domotique.com\/WP\/nos-services\/\"]}]},{\"@type\":\"BreadcrumbList\",\"@id\":\"https:\/\/www.nord-domotique.com\/WP\/nos-services\/#breadcrumb\",\"itemListElement\":[{\"@type\":\"ListItem\",\"position\":1,\"name\":\"Accueil\",\"item\":\"https:\/\/www.nord-domotique.com\/WP\/\"},{\"@type\":\"ListItem\",\"position\":2,\"name\":\"Nos Services\"}]},{\"@type\":\"WebSite\",\"@id\":\"https:\/\/www.nord-domotique.com\/WP\/#website\",\"url\":\"https:\/\/www.nord-domotique.com\/WP\/\",\"name\":\"Nord-Domotique\",\"description\":\"La maison connect\u00e9e\",\"potentialAction\":[{\"@type\":\"SearchAction\",\"target\":{\"@type\":\"EntryPoint\",\"urlTemplate\":\"https:\/\/www.nord-domotique.com\/WP\/?s={search_term_string}\"},\"query-input\":\"required name=search_term_string\"}],\"inLanguage\":\"fr-FR\"}]}<\/script>\n<!-- \/ Yoast SEO plugin. -->","yoast_head_json":{"title":"Nos Services - Nord-Domotique","description":"Nous vous proposons de vous accompagner dans vos projets de domotique mais aussi de vous aider \u00e0 la configurer si vous rencontrez des soucis.","robots":{"index":"index","follow":"follow","max-snippet":"max-snippet:-1","max-image-preview":"max-image-preview:large","max-video-preview":"max-video-preview:-1"},"canonical":"https:\/\/www.nord-domotique.com\/WP\/nos-services\/","og_locale":"fr_FR","og_type":"article","og_title":"Nos Services - Nord-Domotique","og_description":"Nous vous proposons de vous accompagner dans vos projets de domotique mais aussi de vous aider \u00e0 la configurer si vous rencontrez des soucis.","og_url":"https:\/\/www.nord-domotique.com\/WP\/nos-services\/","og_site_name":"Nord-Domotique","article_modified_time":"2016-12-19T22:29:47+00:00","twitter_misc":{"Dur\u00e9e de lecture estim\u00e9e":"3 minutes"},"schema":{"@context":"https:\/\/schema.org","@graph":[{"@type":"WebPage","@id":"https:\/\/www.nord-domotique.com\/WP\/nos-services\/","url":"https:\/\/www.nord-domotique.com\/WP\/nos-services\/","name":"Nos Services - Nord-Domotique","isPartOf":{"@id":"https:\/\/www.nord-domotique.com\/WP\/#website"},"datePublished":"2015-07-23T07:48:52+00:00","dateModified":"2016-12-19T22:29:47+00:00","description":"Nous vous proposons de vous accompagner dans vos projets de domotique mais aussi de vous aider \u00e0 la configurer si vous rencontrez des soucis.","breadcrumb":{"@id":"https:\/\/www.nord-domotique.com\/WP\/nos-services\/#breadcrumb"},"inLanguage":"fr-FR","potentialAction":[{"@type":"ReadAction","target":["https:\/\/www.nord-domotique.com\/WP\/nos-services\/"]}]},{"@type":"BreadcrumbList","@id":"https:\/\/www.nord-domotique.com\/WP\/nos-services\/#breadcrumb","itemListElement":[{"@type":"ListItem","position":1,"name":"Accueil","item":"https:\/\/www.nord-domotique.com\/WP\/"},{"@type":"ListItem","position":2,"name":"Nos Services"}]},{"@type":"WebSite","@id":"https:\/\/www.nord-domotique.com\/WP\/#website","url":"https:\/\/www.nord-domotique.com\/WP\/","name":"Nord-Domotique","description":"La maison connect\u00e9e","potentialAction":[{"@type":"SearchAction","target":{"@type":"EntryPoint","urlTemplate":"https:\/\/www.nord-domotique.com\/WP\/?s={search_term_string}"},"query-input":"required name=search_term_string"}],"inLanguage":"fr-FR"}]}},"jetpack_shortlink":"https:\/\/wp.me\/P4lQ2p-s1","jetpack_sharing_enabled":true,"_links":{"self":[{"href":"https:\/\/www.nord-domotique.com\/WP\/wp-json\/wp\/v2\/pages\/1737","targetHints":{"allow":["GET"]}}],"collection":[{"href":"https:\/\/www.nord-domotique.com\/WP\/wp-json\/wp\/v2\/pages"}],"about":[{"href":"https:\/\/www.nord-domotique.com\/WP\/wp-json\/wp\/v2\/types\/page"}],"author":[{"embeddable":true,"href":"https:\/\/www.nord-domotique.com\/WP\/wp-json\/wp\/v2\/users\/1"}],"replies":[{"embeddable":true,"href":"https:\/\/www.nord-domotique.com\/WP\/wp-json\/wp\/v2\/comments?post=1737"}],"version-history":[{"count":25,"href":"https:\/\/www.nord-domotique.com\/WP\/wp-json\/wp\/v2\/pages\/1737\/revisions"}],"predecessor-version":[{"id":3150,"href":"https:\/\/www.nord-domotique.com\/WP\/wp-json\/wp\/v2\/pages\/1737\/revisions\/3150"}],"wp:attachment":[{"href":"https:\/\/www.nord-domotique.com\/WP\/wp-json\/wp\/v2\/media?parent=1737"}],"curies":[{"name":"wp","href":"https:\/\/api.w.org\/{rel}","templated":true}]}}